{"id":594,"date":"2014-05-10T19:37:01","date_gmt":"2014-05-10T17:37:01","guid":{"rendered":"https:\/\/matthieu.sarter.fr\/blog\/?page_id=594"},"modified":"2016-08-08T22:08:46","modified_gmt":"2016-08-08T20:08:46","slug":"cotation","status":"publish","type":"page","link":"https:\/\/matthieu.sarter.fr\/blog\/cotation\/","title":{"rendered":"Cotation des randonn\u00e9es"},"content":{"rendered":"<p>Les randonn\u00e9es propos\u00e9es sur ce blog sont cot\u00e9es selon l&rsquo;<a title=\"Cotations de randonn\u00e9e p\u00e9destre\" href=\"http:\/\/www.camptocamp.org\/articles\/106859\/fr\/aide-topoguide-cotations-de-randonnee-pedestre\" target=\"_blank\">\u00e9chelle du Club Alpin Suisse<\/a>.<\/p>\n<p>Attention, il s&rsquo;agit d&rsquo;une cotation faite par mes soins, et qu&rsquo;il faut donc prendre avec un certain recul. Si vous n&rsquo;\u00eates pas s\u00fbr de vous, je vous recommande vivement de prendre conseil aupr\u00e8s de vos connaissances, ou, \u00e0 minima, de croiser mes cotations avec d&rsquo;autres sources.<\/p>\n<p>Compte tenu de mon niveau, le gros des itin\u00e9raires propos\u00e9s sur ce site n&rsquo;exc\u00e8dera pas le niveau T2, mais je vous met quand m\u00eame le bar\u00e8me complet :<\/p>\n<ul>\n<li>T1 : Randonn\u00e9e<br \/>\nSentier bien trac\u00e9. Terrain plat ou en faible pente, pas de risques de chute.<br \/>\nExigences : Aucune, convient aussi pour baskets. L&rsquo;orientation ne pose pas de probl\u00e8mes, en g\u00e9n\u00e9ral possible m\u00eame sans carte.<\/li>\n<li>T2 : Randonn\u00e9e en montagne<br \/>\nSentier avec trac\u00e9 ininterrompu. Terrain parfois raide, risques de chute pas exclus.<br \/>\nExigences : Avoir le pied assez s\u00fbr. Chaussures de trekking recommand\u00e9es. Capacit\u00e9s \u00e9l\u00e9mentaires d&rsquo;orientation.<\/li>\n<li>T3 : Randonn\u00e9e en montagne exigente<br \/>\nSentier pas forc\u00e9ment visible partout. Les passages expos\u00e9s peuvent \u00eatre \u00e9quip\u00e9s de cordes ou de cha\u00eenes. \u00c9ventuellement appui des mains n\u00e9cessaire pour l&rsquo;\u00e9quilibre. Quelques passages expos\u00e9s avec risques de chute, pierriers, pentes m\u00eal\u00e9es de rochers sans trace.<br \/>\nExigences : Avoir le pied tr\u00e8s s\u00fbr. Bonnes chaussures de trekking. Capacit\u00e9s d&rsquo;orientation dans la moyenne. Exp\u00e9rience \u00e9l\u00e9mentaire de la montagne souhaitable.<\/li>\n<li>T4 : Randonn\u00e9e alpine<br \/>\nTraces parfois manquantes. L&rsquo;aide des mains est quelquefois n\u00e9cessaire pour la progression. Terrain d\u00e9j\u00e0 assez expos\u00e9, pentes herbeuses d\u00e9licates, pentes m\u00eal\u00e9es de rochers, n\u00e9v\u00e9s faciles et passages sur glacier non recouverts de neige.<br \/>\nExigences : \u00catre familier du terrain expos\u00e9. Chaussures de trekking rigides. Une certaine capacit\u00e9 d&rsquo;\u00e9valuation du terrain et une bonne capacit\u00e9 d&rsquo;orientation. Exp\u00e9rience alpine. En cas de mauvais temps le repli peut s&rsquo;av\u00e9rer difficile.<\/li>\n<li>T5 : Randonn\u00e9e alpine exigeante<br \/>\nL&rsquo;itin\u00e9raire est souvent sans traces. Une bonne capacit\u00e9 d&rsquo;orientation est n\u00e9cessaire. \u00a0Terrain expos\u00e9, exigeant, pentes raides m\u00eal\u00e9es de rochers. Quelques passages d&rsquo;escalade faciles : 2 maximum (ponctuellement jusqu&rsquo;\u00e0 3c si le pas est tr\u00e8s court et la chute sans cons\u00e9quence). Petits Glaciers et n\u00e9v\u00e9s, non crevass\u00e9s, pouvant n\u00e9cessiter l&rsquo;usage de crampons mais ne n\u00e9cessitant pas, habituellement, le mat\u00e9riel d&rsquo;encordement. Le mat\u00e9riel et les techniques d&rsquo;alpinismes peuvent \u00eatre employ\u00e9s occasionnellement pour un passage ponctuel mais pas comme un moyen de progression continu.<br \/>\nExigences : Chaussures de montagne. \u00c9valuation s\u00fbre du terrain n\u00e9cessaire. Bonne exp\u00e9rience de la haute montagne et connaissances \u00e9l\u00e9mentaires du maniement du piolet et de la corde.<\/li>\n<\/ul>\n","protected":false},"excerpt":{"rendered":"<p>Les randonn\u00e9es propos\u00e9es sur ce blog sont cot\u00e9es selon l&rsquo;<a title=\"Cotations de randonn\u00e9e p\u00e9destre\" href=\"http:\/\/www.camptocamp.org\/articles\/106859\/fr\/aide-topoguide-cotations-de-randonnee-pedestre\" target=\"_blank\">\u00e9chelle du Club Alpin Suisse<\/a>.<\/p>\n<p>Attention, il s&rsquo;agit d&rsquo;une cotation faite par mes soins, et qu&rsquo;il faut donc prendre avec un certain recul. Si vous n&rsquo;\u00eates pas s\u00fbr de vous, je vous recommande vivement de prendre conseil aupr\u00e8s de vos connaissances, ou, \u00e0 minima, de croiser mes cotations avec d&rsquo;autres sources.<\/p>\n<ul>\n<li>T1 : Randonn\u00e9e<br \/>\nSentier bien trac\u00e9. Terrain plat ou en faible pente, pas de risques de chute.<br \/>\nExigences : Aucune, convient aussi pour baskets. L&rsquo;orientation ne pose pas de probl\u00e8mes, en g\u00e9n\u00e9ral possible m\u00eame sans carte.<\/li>\n<li>T2 : Randonn\u00e9e en montagne<br \/>\nSentier avec trac\u00e9 ininterrompu. Terrain parfois raide, risques de chute pas exclus.<br \/>\nExigences : Avoir le pied assez s\u00fbr. Chaussures de trekking recommand\u00e9es. Capacit\u00e9s \u00e9l\u00e9mentaires d&rsquo;orientation.<\/li>\n<li>T3 : Randonn\u00e9e en montagne exigente<br \/>\nSentier pas forc\u00e9ment visible partout. Les passages expos\u00e9s peuvent \u00eatre \u00e9quip\u00e9s de cordes ou de cha\u00eenes. Event. appui des mains n\u00e9cessaire pour l&rsquo;\u00e9quilibre. Quelques passages expos\u00e9s avec risques de chute, pierriers, pentes m\u00eal\u00e9es de rochers sans trace.<br \/>\nExigences : Avoir le pied tr\u00e8s s\u00fbr. Bonnes chaussures de trekking. Capacit\u00e9s d&rsquo;orientation dans la moyenne. Exp\u00e9rience \u00e9l\u00e9mentaire de la montagne souhaitable.<\/li>\n<li>T4 : Randonn\u00e9e alpine<br \/>\nTraces parfois manquantes. L&rsquo;aide des mains est quelquefois n\u00e9cessaire pour la progression. Terrain d\u00e9j\u00e0 assez expos\u00e9, pentes herbeuses d\u00e9licates, pentes m\u00eal\u00e9es de rochers, n\u00e9v\u00e9s faciles et passages sur glacier non recouverts de neige.<br \/>\nExigences : Etre familier du terrain expos\u00e9. Chaussures de trekking rigides. Une certaine capacit\u00e9 d&rsquo;\u00e9valuation du terrain et une bonne capacit\u00e9 d&rsquo;orientation. Exp\u00e9rience alpine. En cas de mauvais temps le repli peut s&rsquo;av\u00e9rer difficile.<\/li>\n<li>T5 : Randonn\u00e9e alpine exigeante<br \/>\nL&rsquo;itin\u00e9raire est souvent sans traces. Une bonne capacit\u00e9 d&rsquo;orientation est n\u00e9cessaire. \u00a0Terrain expos\u00e9, exigeant, pentes raides m\u00eal\u00e9es de rochers. Quelques passages d&rsquo;escalade faciles : 2 maximum (ponctuellement jusqu&rsquo;\u00e0 3c si le pas est tr\u00e8s court et la chute sans cons\u00e9quence). Petits Glaciers et n\u00e9v\u00e9s, non crevass\u00e9s, pouvant n\u00e9cessiter l&rsquo;usage de crampons mais ne n\u00e9cessitant pas, habituellement, le mat\u00e9riel d&rsquo;encordement. Le mat\u00e9riel et les techniques d&rsquo;alpinismes peuvent \u00eatre employ\u00e9s occasionnellement pour un passage ponctuel mais pas comme un moyen de progression continu.<br \/>\nExigences : Chaussures de montagne. \u00c9valuation s\u00fbre du terrain n\u00e9cessaire. Bonne exp\u00e9rience de la haute montagne et connaissances \u00e9l\u00e9mentaires du maniement du piolet et de la corde.<\/li>\n<\/ul>\n","protected":false},"author":1,"featured_media":0,"parent":0,"menu_order":0,"comment_status":"open","ping_status":"open","template":"","meta":{"jetpack_post_was_ever_published":false,"footnotes":""},"class_list":["post-594","page","type-page","status-publish","hentry"],"jetpack_sharing_enabled":true,"_links":{"self":[{"href":"https:\/\/matthieu.sarter.fr\/blog\/wp-json\/wp\/v2\/pages\/594","targetHints":{"allow":["GET"]}}],"collection":[{"href":"https:\/\/matthieu.sarter.fr\/blog\/wp-json\/wp\/v2\/pages"}],"about":[{"href":"https:\/\/matthieu.sarter.fr\/blog\/wp-json\/wp\/v2\/types\/page"}],"author":[{"embeddable":true,"href":"https:\/\/matthieu.sarter.fr\/blog\/wp-json\/wp\/v2\/users\/1"}],"replies":[{"embeddable":true,"href":"https:\/\/matthieu.sarter.fr\/blog\/wp-json\/wp\/v2\/comments?post=594"}],"version-history":[{"count":2,"href":"https:\/\/matthieu.sarter.fr\/blog\/wp-json\/wp\/v2\/pages\/594\/revisions"}],"predecessor-version":[{"id":1410,"href":"https:\/\/matthieu.sarter.fr\/blog\/wp-json\/wp\/v2\/pages\/594\/revisions\/1410"}],"wp:attachment":[{"href":"https:\/\/matthieu.sarter.fr\/blog\/wp-json\/wp\/v2\/media?parent=594"}],"curies":[{"name":"wp","href":"https:\/\/api.w.org\/{rel}","templated":true}]}}